{"id":875,"date":"2019-12-03T15:43:09","date_gmt":"2019-12-03T20:43:09","guid":{"rendered":"https:\/\/accoladeplusaccolade.com\/communication\/"},"modified":"2021-04-07T23:21:42","modified_gmt":"2021-04-08T03:21:42","slug":"communication","status":"publish","type":"page","link":"https:\/\/accoladeplusaccolade.com\/fr\/communication\/","title":{"rendered":"Communication"},"content":{"rendered":"\t\t<div data-elementor-type=\"wp-page\" data-elementor-id=\"875\" class=\"elementor elementor-875 elementor-843\" data-elementor-post-type=\"page\">\n\t\t\t\t\t\t<section class=\"has_eae_slider elementor-section elementor-top-section elementor-element elementor-element-9852a0e elementor-section-boxed elementor-section-height-default elementor-section-height-default\" data-id=\"9852a0e\" data-element_type=\"section\">\n\t\t\t\t\t\t<div class=\"elementor-container elementor-column-gap-default\">\n\t\t\t\t\t<div class=\"has_eae_slider elementor-column elementor-col-100 elementor-top-column elementor-element elementor-element-c9e4a84\" data-id=\"c9e4a84\" data-element_type=\"column\">\n\t\t\t<div class=\"elementor-widget-wrap elementor-element-populated\">\n\t\t\t\t\t\t<div class=\"elementor-element elementor-element-b9e76a3 elementor-widget elementor-widget-heading\" data-id=\"b9e76a3\" data-element_type=\"widget\" data-widget_type=\"heading.default\">\n\t\t\t\t<div class=\"elementor-widget-container\">\n\t\t\t<h2 class=\"elementor-heading-title elementor-size-default\">Bien communiquer<\/h2>\t\t<\/div>\n\t\t\t\t<\/div>\n\t\t\t\t\t<\/div>\n\t\t<\/div>\n\t\t\t\t\t<\/div>\n\t\t<\/section>\n\t\t\t\t<section class=\"has_eae_slider elementor-section elementor-top-section elementor-element elementor-element-c157fc1 elementor-section-boxed elementor-section-height-default elementor-section-height-default\" data-id=\"c157fc1\" data-element_type=\"section\">\n\t\t\t\t\t\t<div class=\"elementor-container elementor-column-gap-default\">\n\t\t\t\t\t<div class=\"has_eae_slider elementor-column elementor-col-100 elementor-top-column elementor-element elementor-element-e20a353\" data-id=\"e20a353\" data-element_type=\"column\">\n\t\t\t<div class=\"elementor-widget-wrap elementor-element-populated\">\n\t\t\t\t\t\t<div class=\"elementor-element elementor-element-e48e3b7 elementor-widget elementor-widget-text-editor\" data-id=\"e48e3b7\" data-element_type=\"widget\" data-widget_type=\"text-editor.default\">\n\t\t\t\t<div class=\"elementor-widget-container\">\n\t\t\t\t\t\t\t<p>La communication est au c\u0153ur de tout projet. Nous vous impliquons \u00e0 chaque \u00e9tape.<\/p>\n\t\t\t\t\t\t<\/div>\n\t\t\t\t<\/div>\n\t\t\t\t\t<\/div>\n\t\t<\/div>\n\t\t\t\t\t<\/div>\n\t\t<\/section>\n\t\t\t\t<section class=\"has_eae_slider elementor-section elementor-top-section elementor-element elementor-element-ca2531e elementor-section-boxed elementor-section-height-default elementor-section-height-default\" data-id=\"ca2531e\" data-element_type=\"section\">\n\t\t\t\t\t\t<div class=\"elementor-container elementor-column-gap-default\">\n\t\t\t\t\t<div class=\"has_eae_slider elementor-column elementor-col-33 elementor-top-column elementor-element elementor-element-541b603\" data-id=\"541b603\" data-element_type=\"column\">\n\t\t\t<div class=\"elementor-widget-wrap elementor-element-populated\">\n\t\t\t\t\t\t<div class=\"elementor-element elementor-element-2d00a8e eae-mouseenter-yes elementor-widget elementor-widget-eae-info-circle\" data-id=\"2d00a8e\" data-element_type=\"widget\" data-widget_type=\"eae-info-circle.skin1\">\n\t\t\t\t<div class=\"elementor-widget-container\">\n\t\t\t\t\t<div class=\"eae-info-circle-wrapper\">\n\t\t\t<div class=\"eae-info-circle\" data-active-item=\"1\" data-autoplay=\"yes\" data-delay=\"10000\" style=\"opacity: 1;\">\n\t\t\t\t\t\t\t\t\t\t<div class=\"eae-info-circle-item elementor-repeater-item-5ba6c15\" style=\"opacity: 1;\">\n\t\t\t\t\t\t<div id=\"5ba6c15\" data-id=\"5ba6c15\" class=\"eae-ic-icon-wrap\" style=\"opacity: 1;\">\n\t\t\t\t\t\t\t\t\t\t<div class=\"eae-icon eae-icon-item_icon eae-icon-view-framed eae-icon-shape-circle eae-icon-type-icon\">\n\t\t\t\t<div class=\"eae-icon-wrap\">\n\t\t\t\t<i aria-hidden=\"true\" class=\"fas fa-assistive-listening-systems\"><\/i>\t\t\t\t<\/div>\n\t\t\t<\/div>\n\t\t\t\t\t\t\t\t\t<\/div>\n\t\t\t\t\t\t<div class=\"eae-info-circle-item__content-wrap\">\n\t\t\t\t\t\t\t<div class=\"eae-info-circle-item__content\">\n\t\t\t\t\t\t\t<h3 class=\"eae-ic-heading\">\u00c9couter<\/h3>\t\t\t\t\t\t\t \n\t\t\t\t\t\t\t\t\n\t\t\t\t\t\t\t\t<div class=\"eae-ic-description\">\n\t\t\t\t\t\t\t\t\t<p>Une bonne communication <br>demande d'\u00e9couter ce dont l'autre personne souhaite nous faire part. <br><br>Trop souvent, les consultants veulent proposer leur propre solution, <br>sans s'attarder \u00e0 ce que <br>vous avez \u00e0 dire.<\/p>\n\t\t\t\t\t\t\t\t<\/div>\n\t\t\t\t\t\t\t<\/div>\n\t\t\t\t\t\t<\/div>\n\t\t\t\t\t<\/div>\n\t\t\t\t\t\t\t\t\t\t<div class=\"eae-info-circle-item elementor-repeater-item-b142302\" style=\"opacity: 1;\">\n\t\t\t\t\t\t<div id=\"b142302\" data-id=\"b142302\" class=\"eae-ic-icon-wrap\" style=\"opacity: 1;\">\n\t\t\t\t\t\t\t\t\t\t<div class=\"eae-icon eae-icon-item_icon eae-icon-view-framed eae-icon-shape-circle eae-icon-type-icon\">\n\t\t\t\t<div class=\"eae-icon-wrap\">\n\t\t\t\t<i aria-hidden=\"true\" class=\"far fa-eye\"><\/i>\t\t\t\t<\/div>\n\t\t\t<\/div>\n\t\t\t\t\t\t\t\t\t<\/div>\n\t\t\t\t\t\t<div class=\"eae-info-circle-item__content-wrap\">\n\t\t\t\t\t\t\t<div class=\"eae-info-circle-item__content\">\n\t\t\t\t\t\t\t<h3 class=\"eae-ic-heading\">Observer<\/h3>\t\t\t\t\t\t\t \n\t\t\t\t\t\t\t\t\n\t\t\t\t\t\t\t\t<div class=\"eae-ic-description\">\n\t\t\t\t\t\t\t\t\t<p>Une bonne observation viendra <br>bonifier les informations recueillies <br>lors de la phase pr\u00e9c\u00e9dente. <br><br>Ceci, afin de nous assurer que ce qui a \u00e9t\u00e9 d\u00e9crit correspond \u00e0 ce qui <br>se passe sur le terrain.<\/p>\n\t\t\t\t\t\t\t\t<\/div>\n\t\t\t\t\t\t\t<\/div>\n\t\t\t\t\t\t<\/div>\n\t\t\t\t\t<\/div>\n\t\t\t\t\t\t\t\t\t\t<div class=\"eae-info-circle-item elementor-repeater-item-72f7b5d\" style=\"opacity: 1;\">\n\t\t\t\t\t\t<div id=\"72f7b5d\" data-id=\"72f7b5d\" class=\"eae-ic-icon-wrap\" style=\"opacity: 1;\">\n\t\t\t\t\t\t\t\t\t\t<div class=\"eae-icon eae-icon-item_icon eae-icon-view-framed eae-icon-shape-circle eae-icon-type-icon\">\n\t\t\t\t<div class=\"eae-icon-wrap\">\n\t\t\t\t<i aria-hidden=\"true\" class=\"fas fa-question\"><\/i>\t\t\t\t<\/div>\n\t\t\t<\/div>\n\t\t\t\t\t\t\t\t\t<\/div>\n\t\t\t\t\t\t<div class=\"eae-info-circle-item__content-wrap\">\n\t\t\t\t\t\t\t<div class=\"eae-info-circle-item__content\">\n\t\t\t\t\t\t\t<h3 class=\"eae-ic-heading\">Questionner<\/h3>\t\t\t\t\t\t\t \n\t\t\t\t\t\t\t\t\n\t\t\t\t\t\t\t\t<div class=\"eae-ic-description\">\n\t\t\t\t\t\t\t\t\t<p>Les questions sont essentielles <br>pour valider notre compr\u00e9hension <br>de la situation actuelle et <br>des objectifs poursuivis. <br><br>En reformulant certains \u00e9l\u00e9ments, <br>nous pouvons confirmer que nous <br>sommes sur la bonne voie.<\/p>\n\t\t\t\t\t\t\t\t<\/div>\n\t\t\t\t\t\t\t<\/div>\n\t\t\t\t\t\t<\/div>\n\t\t\t\t\t<\/div>\n\t\t\t\t\t\t\t\t\t\t<div class=\"eae-info-circle-item elementor-repeater-item-222d885\" style=\"opacity: 1;\">\n\t\t\t\t\t\t<div id=\"222d885\" data-id=\"222d885\" class=\"eae-ic-icon-wrap\" style=\"opacity: 1;\">\n\t\t\t\t\t\t\t\t\t\t<div class=\"eae-icon eae-icon-item_icon eae-icon-view-framed eae-icon-shape-circle eae-icon-type-icon\">\n\t\t\t\t<div class=\"eae-icon-wrap\">\n\t\t\t\t<i aria-hidden=\"true\" class=\"fas fa-map\"><\/i>\t\t\t\t<\/div>\n\t\t\t<\/div>\n\t\t\t\t\t\t\t\t\t<\/div>\n\t\t\t\t\t\t<div class=\"eae-info-circle-item__content-wrap\">\n\t\t\t\t\t\t\t<div class=\"eae-info-circle-item__content\">\n\t\t\t\t\t\t\t<h3 class=\"eae-ic-heading\">Planifier<\/h3>\t\t\t\t\t\t\t \n\t\t\t\t\t\t\t\t\n\t\t\t\t\t\t\t\t<div class=\"eae-ic-description\">\n\t\t\t\t\t\t\t\t\t<p>Les informations ont \u00e9t\u00e9 rassembl\u00e9es <br>et valid\u00e9es. C'est ici qu'on fait <br>travailler nos m\u00e9ninges. <br><br>La planification peut faire la diff\u00e9rence entre la victoire et la d\u00e9faite.<\/p>\n\t\t\t\t\t\t\t\t<\/div>\n\t\t\t\t\t\t\t<\/div>\n\t\t\t\t\t\t<\/div>\n\t\t\t\t\t<\/div>\n\t\t\t\t\t\t\t\t\t\t<div class=\"eae-info-circle-item elementor-repeater-item-484a874\" style=\"opacity: 1;\">\n\t\t\t\t\t\t<div id=\"484a874\" data-id=\"484a874\" class=\"eae-ic-icon-wrap\" style=\"opacity: 1;\">\n\t\t\t\t\t\t\t\t\t\t<div class=\"eae-icon eae-icon-item_icon eae-icon-view-framed eae-icon-shape-circle eae-icon-type-icon\">\n\t\t\t\t<div class=\"eae-icon-wrap\">\n\t\t\t\t<i aria-hidden=\"true\" class=\"fas fa-bullhorn\"><\/i>\t\t\t\t<\/div>\n\t\t\t<\/div>\n\t\t\t\t\t\t\t\t\t<\/div>\n\t\t\t\t\t\t<div class=\"eae-info-circle-item__content-wrap\">\n\t\t\t\t\t\t\t<div class=\"eae-info-circle-item__content\">\n\t\t\t\t\t\t\t<h3 class=\"eae-ic-heading\">Informer<\/h3>\t\t\t\t\t\t\t \n\t\t\t\t\t\t\t\t\n\t\t\t\t\t\t\t\t<div class=\"eae-ic-description\">\n\t\t\t\t\t\t\t\t\t<p>Un plan ne vous m\u00e8nera nulle part si vous \u00eates le seul \u00e0 le conna\u00eetre. <br><br>Informer vos coll\u00e8gues permet de s'assurer que tous <br>visent le m\u00eame objectif.<\/p>\n\t\t\t\t\t\t\t\t<\/div>\n\t\t\t\t\t\t\t<\/div>\n\t\t\t\t\t\t<\/div>\n\t\t\t\t\t<\/div>\n\t\t\t\t\t\t\t\t\t\t<div class=\"eae-info-circle-item elementor-repeater-item-85a6bff\" style=\"opacity: 1;\">\n\t\t\t\t\t\t<div id=\"85a6bff\" data-id=\"85a6bff\" class=\"eae-ic-icon-wrap\" style=\"opacity: 1;\">\n\t\t\t\t\t\t\t\t\t\t<div class=\"eae-icon eae-icon-item_icon eae-icon-view-framed eae-icon-shape-circle eae-icon-type-icon\">\n\t\t\t\t<div class=\"eae-icon-wrap\">\n\t\t\t\t<i aria-hidden=\"true\" class=\"fas fa-code\"><\/i>\t\t\t\t<\/div>\n\t\t\t<\/div>\n\t\t\t\t\t\t\t\t\t<\/div>\n\t\t\t\t\t\t<div class=\"eae-info-circle-item__content-wrap\">\n\t\t\t\t\t\t\t<div class=\"eae-info-circle-item__content\">\n\t\t\t\t\t\t\t<h3 class=\"eae-ic-heading\">R\u00e9alisation<\/h3>\t\t\t\t\t\t\t \n\t\t\t\t\t\t\t\t\n\t\t\t\t\t\t\t\t<div class=\"eae-ic-description\">\n\t\t\t\t\t\t\t\t\t<p>Nous avons convenu de ce qui <br>devait \u00eatre fait. C'est ici que nous faisons en sorte que le plan se mat\u00e9rialise. <br><br>Une fois que cela est fait, le cycle se r\u00e9p\u00e8te: l'\u00e9coute nous permet alors de savoir si les objectifs <br>ont \u00e9t\u00e9 atteints.<\/p>\n\t\t\t\t\t\t\t\t<\/div>\n\t\t\t\t\t\t\t<\/div>\n\t\t\t\t\t\t<\/div>\n\t\t\t\t\t<\/div>\n\t\t\t\t\t\t\t<\/div>\n\t\t<\/div>\n\t\t\t\t<\/div>\n\t\t\t\t<\/div>\n\t\t\t\t\t<\/div>\n\t\t<\/div>\n\t\t\t\t<div class=\"has_eae_slider elementor-column elementor-col-66 elementor-top-column elementor-element elementor-element-6c1e09b\" data-id=\"6c1e09b\" data-element_type=\"column\">\n\t\t\t<div class=\"elementor-widget-wrap elementor-element-populated\">\n\t\t\t\t\t\t<div class=\"elementor-element elementor-element-fd58e3c elementor-widget elementor-widget-text-editor\" data-id=\"fd58e3c\" data-element_type=\"widget\" data-widget_type=\"text-editor.default\">\n\t\t\t\t<div class=\"elementor-widget-container\">\n\t\t\t\t\t\t\t<h3>Une bonne communication est la cl\u00e9 du succ\u00e8s. Voici les \u00e9l\u00e9ments importants que cette d\u00e9marche mets en \u00e9vidence<\/h3>\n<ul>\n<li><strong>Des attentes claires<\/strong>. Vos motivations et vos objectifs viennent structurer tout ce qui suivra. Ils doivent \u00eatre clairs et bien compris par tous.<\/li>\n<li><strong>Les livrables<\/strong>. Une application faite sur mesure n\u2019est pas tangible, contrairement \u00e0 ce que nous avons l\u2019habitude d\u2019acheter. \u00c0 quoi ressemblera-t-elle? Quelles seront ses fonctionnalit\u00e9s? Ces \u00e9l\u00e9ments doivent \u00eatre pr\u00e9cis\u00e9s avant d\u2019aller trop loin. Autrement, vous pourriez vous retrouver avec quelque chose qui ne corresponde pas \u00e0 vos besoins.<\/li>\n<li><strong>Les responsabilit\u00e9s<\/strong>. Qui s\u2019occupe de X ou Y? Les contributions de chacun doivent \u00eatre bien d\u00e9finies. C\u2019est la premi\u00e8re \u00e9tape afin de s\u2019assurer que les choses soient faites.<\/li>\n<li><strong>Le calendrier<\/strong>. \u00c0 quel rythme pouvez-vous vous attendre \u00e0 ce que les travaux progressent?<\/li>\n<li><strong>Les rencontres<\/strong>. Les rencontres ne servent pas seulement \u00e0 vous indiquer comment les choses progressent. Elles sont autant d\u2019opportunit\u00e9s d\u2019adapter ce qui demande \u00e0 \u00eatre chang\u00e9 en cours de route.<\/li>\n<\/ul>\n\t\t\t\t\t\t<\/div>\n\t\t\t\t<\/div>\n\t\t\t\t\t<\/div>\n\t\t<\/div>\n\t\t\t\t\t<\/div>\n\t\t<\/section>\n\t\t\t\t<section class=\"has_eae_slider elementor-section elementor-top-section elementor-element elementor-element-2d42ec0 elementor-section-boxed elementor-section-height-default elementor-section-height-default\" data-id=\"2d42ec0\" data-element_type=\"section\">\n\t\t\t\t\t\t<div class=\"elementor-container elementor-column-gap-default\">\n\t\t\t\t\t<div class=\"has_eae_slider elementor-column elementor-col-100 elementor-top-column elementor-element elementor-element-d7c6836\" data-id=\"d7c6836\" data-element_type=\"column\">\n\t\t\t<div class=\"elementor-widget-wrap elementor-element-populated\">\n\t\t\t\t\t\t<div class=\"elementor-element elementor-element-ba7e3da elementor-widget elementor-widget-spacer\" data-id=\"ba7e3da\" data-element_type=\"widget\" data-widget_type=\"spacer.default\">\n\t\t\t\t<div class=\"elementor-widget-container\">\n\t\t\t\t\t<div class=\"elementor-spacer\">\n\t\t\t<div class=\"elementor-spacer-inner\"><\/div>\n\t\t<\/div>\n\t\t\t\t<\/div>\n\t\t\t\t<\/div>\n\t\t\t\t\t<\/div>\n\t\t<\/div>\n\t\t\t\t\t<\/div>\n\t\t<\/section>\n\t\t\t\t<section class=\"has_eae_slider elementor-section elementor-top-section elementor-element elementor-element-1d07b39 elementor-section-boxed elementor-section-height-default elementor-section-height-default\" data-id=\"1d07b39\" data-element_type=\"section\">\n\t\t\t\t\t\t<div class=\"elementor-container elementor-column-gap-default\">\n\t\t\t\t\t<div class=\"has_eae_slider elementor-column elementor-col-100 elementor-top-column elementor-element elementor-element-95b3acb\" data-id=\"95b3acb\" data-element_type=\"column\">\n\t\t\t<div class=\"elementor-widget-wrap elementor-element-populated\">\n\t\t\t\t\t\t<div class=\"elementor-element elementor-element-38e4995 elementor-widget elementor-widget-heading\" data-id=\"38e4995\" data-element_type=\"widget\" data-widget_type=\"heading.default\">\n\t\t\t\t<div class=\"elementor-widget-container\">\n\t\t\t<h2 class=\"elementor-heading-title elementor-size-default\"><h2 data-elementor-setting-key=\"title\" spellcheck=\"false\" data-gramm=\"false\" data-pen-placeholder=\"Type Here...\" style=\"outline: transparent solid 0px; line-height: 2em; text-align: center;\"><font color=\"#a8a8a8\"><span style=\"font-size: 36px;\">Le grand ennemi de la communication, nous trouvons, est l'illusion de celle-ci. Nous avons assez parl\u00e9, mais nous n'avons pas \u00e9cout\u00e9. <\/br><\/br>Et en n'\u00e9coutant pas, nous n'avons pas r\u00e9ussi \u00e0 admettre l'immense complexit\u00e9 de notre soci\u00e9t\u00e9 - et donc les grands \u00e9carts entre nous et ceux avec qui nous cherchons \u00e0 nous entendre.<br><\/span><\/font><\/h2><\/h2>\t\t<\/div>\n\t\t\t\t<\/div>\n\t\t\t\t<div class=\"elementor-element elementor-element-55e1080 elementor-widget elementor-widget-heading\" data-id=\"55e1080\" data-element_type=\"widget\" data-widget_type=\"heading.default\">\n\t\t\t\t<div class=\"elementor-widget-container\">\n\t\t\t<h2 class=\"elementor-heading-title elementor-size-default\"><h2 data-elementor-setting-key=\"title\" spellcheck=\"false\" data-gramm=\"false\" data-pen-placeholder=\"Type Here...\" style=\"outline: transparent solid 0px; font-variant-ligatures: normal; font-variant-caps: normal; font-family: Playball, sans-serif; color: rgb(245, 131, 30); text-align: center;\">- William H. Whyte<\/h2><\/h2>\t\t<\/div>\n\t\t\t\t<\/div>\n\t\t\t\t\t<\/div>\n\t\t<\/div>\n\t\t\t\t\t<\/div>\n\t\t<\/section>\n\t\t\t\t<section class=\"has_eae_slider elementor-section elementor-top-section elementor-element elementor-element-3670a4a elementor-section-boxed elementor-section-height-default elementor-section-height-default\" data-id=\"3670a4a\" data-element_type=\"section\">\n\t\t\t\t\t\t<div class=\"elementor-container elementor-column-gap-default\">\n\t\t\t\t\t<div class=\"has_eae_slider elementor-column elementor-col-100 elementor-top-column elementor-element elementor-element-7e03d8d\" data-id=\"7e03d8d\" data-element_type=\"column\">\n\t\t\t<div class=\"elementor-widget-wrap elementor-element-populated\">\n\t\t\t\t\t\t<div class=\"elementor-element elementor-element-fa3994b elementor-widget elementor-widget-spacer\" data-id=\"fa3994b\" data-element_type=\"widget\" data-widget_type=\"spacer.default\">\n\t\t\t\t<div class=\"elementor-widget-container\">\n\t\t\t\t\t<div class=\"elementor-spacer\">\n\t\t\t<div class=\"elementor-spacer-inner\"><\/div>\n\t\t<\/div>\n\t\t\t\t<\/div>\n\t\t\t\t<\/div>\n\t\t\t\t\t<\/div>\n\t\t<\/div>\n\t\t\t\t\t<\/div>\n\t\t<\/section>\n\t\t\t\t<section class=\"has_eae_slider elementor-section elementor-top-section elementor-element elementor-element-72b3f5a elementor-section-boxed elementor-section-height-default elementor-section-height-default\" data-id=\"72b3f5a\" data-element_type=\"section\">\n\t\t\t\t\t\t<div class=\"elementor-container elementor-column-gap-default\">\n\t\t\t\t\t<div class=\"has_eae_slider elementor-column elementor-col-100 elementor-top-column elementor-element elementor-element-d41d8d7\" data-id=\"d41d8d7\" data-element_type=\"column\">\n\t\t\t<div class=\"elementor-widget-wrap elementor-element-populated\">\n\t\t\t\t\t\t<div class=\"elementor-element elementor-element-80ed3ad elementor-widget elementor-widget-heading\" data-id=\"80ed3ad\" data-element_type=\"widget\" data-widget_type=\"heading.default\">\n\t\t\t\t<div class=\"elementor-widget-container\">\n\t\t\t<h2 class=\"elementor-heading-title elementor-size-default\">Maintenant serait un bon moment pour...<\/h2>\t\t<\/div>\n\t\t\t\t<\/div>\n\t\t\t\t\t<\/div>\n\t\t<\/div>\n\t\t\t\t\t<\/div>\n\t\t<\/section>\n\t\t\t\t<section class=\"has_eae_slider elementor-section elementor-top-section elementor-element elementor-element-666db34 elementor-section-boxed elementor-section-height-default elementor-section-height-default\" data-id=\"666db34\" data-element_type=\"section\">\n\t\t\t\t\t\t<div class=\"elementor-container elementor-column-gap-default\">\n\t\t\t\t\t<div class=\"has_eae_slider elementor-column elementor-col-50 elementor-top-column elementor-element elementor-element-a69bc87\" data-id=\"a69bc87\" data-element_type=\"column\">\n\t\t\t<div class=\"elementor-widget-wrap elementor-element-populated\">\n\t\t\t\t\t\t<div class=\"elementor-element elementor-element-415a41b elementor-align-right elementor-widget elementor-widget-button\" data-id=\"415a41b\" data-element_type=\"widget\" data-widget_type=\"button.default\">\n\t\t\t\t<div class=\"elementor-widget-container\">\n\t\t\t\t\t<div class=\"elementor-button-wrapper\">\n\t\t\t<a class=\"elementor-button elementor-button-link elementor-size-sm\" href=\"\/fr\/a-propos\/\">\n\t\t\t\t\t\t<span class=\"elementor-button-content-wrapper\">\n\t\t\t\t\t\t<span class=\"elementor-button-text\">Mieux nous conna\u00eetre<\/span>\n\t\t<\/span>\n\t\t\t\t\t<\/a>\n\t\t<\/div>\n\t\t\t\t<\/div>\n\t\t\t\t<\/div>\n\t\t\t\t\t<\/div>\n\t\t<\/div>\n\t\t\t\t<div class=\"has_eae_slider elementor-column elementor-col-50 elementor-top-column elementor-element elementor-element-d187a16\" data-id=\"d187a16\" data-element_type=\"column\">\n\t\t\t<div class=\"elementor-widget-wrap elementor-element-populated\">\n\t\t\t\t\t\t<div class=\"elementor-element elementor-element-d3b847c elementor-align-left elementor-widget elementor-widget-button\" data-id=\"d3b847c\" data-element_type=\"widget\" data-widget_type=\"button.default\">\n\t\t\t\t<div class=\"elementor-widget-container\">\n\t\t\t\t\t<div class=\"elementor-button-wrapper\">\n\t\t\t<a class=\"elementor-button elementor-button-link elementor-size-sm\" href=\"\/fr\/contact\/\">\n\t\t\t\t\t\t<span class=\"elementor-button-content-wrapper\">\n\t\t\t\t\t\t<span class=\"elementor-button-text\">Nous appeler!<\/span>\n\t\t<\/span>\n\t\t\t\t\t<\/a>\n\t\t<\/div>\n\t\t\t\t<\/div>\n\t\t\t\t<\/div>\n\t\t\t\t\t<\/div>\n\t\t<\/div>\n\t\t\t\t\t<\/div>\n\t\t<\/section>\n\t\t\t\t<section class=\"has_eae_slider elementor-section elementor-top-section elementor-element elementor-element-ba76b03 elementor-section-boxed elementor-section-height-default elementor-section-height-default\" data-id=\"ba76b03\" data-element_type=\"section\">\n\t\t\t\t\t\t<div class=\"elementor-container elementor-column-gap-default\">\n\t\t\t\t\t<div class=\"has_eae_slider elementor-column elementor-col-100 elementor-top-column elementor-element elementor-element-31d8f75\" data-id=\"31d8f75\" data-element_type=\"column\">\n\t\t\t<div class=\"elementor-widget-wrap elementor-element-populated\">\n\t\t\t\t\t\t<div class=\"elementor-element elementor-element-bf9ff42 elementor-widget elementor-widget-spacer\" data-id=\"bf9ff42\" data-element_type=\"widget\" data-widget_type=\"spacer.default\">\n\t\t\t\t<div class=\"elementor-widget-container\">\n\t\t\t\t\t<div class=\"elementor-spacer\">\n\t\t\t<div class=\"elementor-spacer-inner\"><\/div>\n\t\t<\/div>\n\t\t\t\t<\/div>\n\t\t\t\t<\/div>\n\t\t\t\t\t<\/div>\n\t\t<\/div>\n\t\t\t\t\t<\/div>\n\t\t<\/section>\n\t\t\t\t<\/div>\n\t\t","protected":false},"excerpt":{"rendered":"<p>Bien communiquer La communication est au c\u0153ur de tout projet. Nous vous impliquons \u00e0 chaque \u00e9tape. \u00c9couter Une bonne communication demande d&rsquo;\u00e9couter ce dont l&rsquo;autre personne souhaite nous faire part. Trop souvent, les consultants veulent proposer leur propre solution, sans s&rsquo;attarder \u00e0 ce que vous avez \u00e0 dire. Observer Une bonne observation viendra bonifier les [&hellip;]<\/p>\n","protected":false},"author":1,"featured_media":0,"parent":0,"menu_order":0,"comment_status":"closed","ping_status":"closed","template":"","meta":{"_monsterinsights_skip_tracking":false,"_monsterinsights_sitenote_active":false,"_monsterinsights_sitenote_note":"","_monsterinsights_sitenote_category":0,"ocean_post_layout":"full-screen","ocean_both_sidebars_style":"","ocean_both_sidebars_content_width":0,"ocean_both_sidebars_sidebars_width":0,"ocean_sidebar":"0","ocean_second_sidebar":"0","ocean_disable_margins":"enable","ocean_add_body_class":"","ocean_shortcode_before_top_bar":"","ocean_shortcode_after_top_bar":"","ocean_shortcode_before_header":"","ocean_shortcode_after_header":"","ocean_has_shortcode":"","ocean_shortcode_after_title":"","ocean_shortcode_before_footer_widgets":"","ocean_shortcode_after_footer_widgets":"","ocean_shortcode_before_footer_bottom":"","ocean_shortcode_after_footer_bottom":"","ocean_display_top_bar":"default","ocean_display_header":"default","ocean_header_style":"","ocean_center_header_left_menu":"0","ocean_custom_header_template":"0","ocean_custom_logo":0,"ocean_custom_retina_logo":0,"ocean_custom_logo_max_width":0,"ocean_custom_logo_tablet_max_width":0,"ocean_custom_logo_mobile_max_width":0,"ocean_custom_logo_max_height":0,"ocean_custom_logo_tablet_max_height":0,"ocean_custom_logo_mobile_max_height":0,"ocean_header_custom_menu":"0","ocean_menu_typo_font_family":"0","ocean_menu_typo_font_subset":"","ocean_menu_typo_font_size":0,"ocean_menu_typo_font_size_tablet":0,"ocean_menu_typo_font_size_mobile":0,"ocean_menu_typo_font_size_unit":"px","ocean_menu_typo_font_weight":"","ocean_menu_typo_font_weight_tablet":"","ocean_menu_typo_font_weight_mobile":"","ocean_menu_typo_transform":"","ocean_menu_typo_transform_tablet":"","ocean_menu_typo_transform_mobile":"","ocean_menu_typo_line_height":0,"ocean_menu_typo_line_height_tablet":0,"ocean_menu_typo_line_height_mobile":0,"ocean_menu_typo_line_height_unit":"","ocean_menu_typo_spacing":0,"ocean_menu_typo_spacing_tablet":0,"ocean_menu_typo_spacing_mobile":0,"ocean_menu_typo_spacing_unit":"","ocean_menu_link_color":"","ocean_menu_link_color_hover":"","ocean_menu_link_color_active":"","ocean_menu_link_background":"","ocean_menu_link_hover_background":"","ocean_menu_link_active_background":"","ocean_menu_social_links_bg":"","ocean_menu_social_hover_links_bg":"","ocean_menu_social_links_color":"","ocean_menu_social_hover_links_color":"","ocean_disable_title":"default","ocean_disable_heading":"default","ocean_post_title":"","ocean_post_subheading":"","ocean_post_title_style":"background-image","ocean_post_title_background_color":"","ocean_post_title_background":150,"ocean_post_title_bg_image_position":"","ocean_post_title_bg_image_attachment":"","ocean_post_title_bg_image_repeat":"","ocean_post_title_bg_image_size":"","ocean_post_title_height":0,"ocean_post_title_bg_overlay":0.5,"ocean_post_title_bg_overlay_color":"","ocean_disable_breadcrumbs":"default","ocean_breadcrumbs_color":"","ocean_breadcrumbs_separator_color":"","ocean_breadcrumbs_links_color":"","ocean_breadcrumbs_links_hover_color":"","ocean_display_footer_widgets":"default","ocean_display_footer_bottom":"default","ocean_custom_footer_template":"0","footnotes":""},"_links":{"self":[{"href":"https:\/\/accoladeplusaccolade.com\/fr\/wp-json\/wp\/v2\/pages\/875"}],"collection":[{"href":"https:\/\/accoladeplusaccolade.com\/fr\/wp-json\/wp\/v2\/pages"}],"about":[{"href":"https:\/\/accoladeplusaccolade.com\/fr\/wp-json\/wp\/v2\/types\/page"}],"author":[{"embeddable":true,"href":"https:\/\/accoladeplusaccolade.com\/fr\/wp-json\/wp\/v2\/users\/1"}],"replies":[{"embeddable":true,"href":"https:\/\/accoladeplusaccolade.com\/fr\/wp-json\/wp\/v2\/comments?post=875"}],"version-history":[{"count":63,"href":"https:\/\/accoladeplusaccolade.com\/fr\/wp-json\/wp\/v2\/pages\/875\/revisions"}],"predecessor-version":[{"id":1459,"href":"https:\/\/accoladeplusaccolade.com\/fr\/wp-json\/wp\/v2\/pages\/875\/revisions\/1459"}],"wp:attachment":[{"href":"https:\/\/accoladeplusaccolade.com\/fr\/wp-json\/wp\/v2\/media?parent=875"}],"curies":[{"name":"wp","href":"https:\/\/api.w.org\/{rel}","templated":true}]}}